{"id":8394,"date":"2020-05-07T06:40:48","date_gmt":"2020-05-07T06:40:48","guid":{"rendered":"https:\/\/www.gavias-theme.com\/wp\/inusti\/?page_id=8394"},"modified":"2022-09-27T18:39:09","modified_gmt":"2022-09-27T18:39:09","slug":"hizmetlerimiz","status":"publish","type":"page","link":"http:\/\/www.basariteknikkombi.com\/index.php\/hizmetlerimiz\/","title":{"rendered":"Hizmetlerimiz"},"content":{"rendered":"\t\t<div data-elementor-type=\"wp-page\" data-elementor-id=\"8394\" class=\"elementor elementor-8394\">\n\t\t\t\t\t\t\t\t\t<section class=\"elementor-section elementor-top-section elementor-element elementor-element-1faf4eb elementor-section-boxed elementor-section-height-default elementor-section-height-default\" data-id=\"1faf4eb\" data-element_type=\"section\">\n\t\t\t\t\t\t<div class=\"elementor-container elementor-column-gap-default\">\n\t\t\t\t\t<div class=\"elementor-column elementor-col-25 elementor-top-column elementor-element elementor-element-54571d7 top column-style-top\" data-id=\"54571d7\" data-element_type=\"column\">\n\t\t\t<div class=\"elementor-widget-wrap elementor-element-populated\">\n\t\t\t\t\t\t\t\t<div class=\"elementor-element elementor-element-e488115 elementor-widget elementor-widget-gva-icon-box-styles\" data-id=\"e488115\" data-element_type=\"widget\" data-widget_type=\"gva-icon-box-styles.default\">\n\t\t\t\t<div class=\"elementor-widget-container\">\n\t\t\t<div class=\"gva-element-gva-icon-box-styles gva-element\">\r\n   \r\n\r\n         <div class=\"widget gsc-icon-box-styles style-2\">\r\n                     <div class=\"icon-inner\">\r\n                       <a href=\"http:\/\/www.basariteknikkombi.com\/index.php\/services\/kombi-bakim-onarimi-ve-bakimi\/\">\r\n                                               <span class=\"box-icon\">\r\n                        <i aria-hidden=\"true\" class=\"fas fa-users-cog\"><\/i>                     <\/span>\r\n                                 <\/a>            <\/div>\r\n         \r\n                     <h3 class=\"title\">\r\n                       <a href=\"http:\/\/www.basariteknikkombi.com\/index.php\/services\/kombi-bakim-onarimi-ve-bakimi\/\">\r\n                          Kombi Bak\u0131m Onar\u0131m\u0131 ve Bak\u0131m\u0131               <\/a>      \r\n            <\/h3>\r\n                  <div class=\"content-inner\">\r\n                     <\/div>\r\n      <\/div> \r\n      \r\n\r\n\r\n<\/div>\t\t<\/div>\n\t\t\t\t<\/div>\n\t\t\t\t\t<\/div>\n\t\t<\/div>\n\t\t\t\t<div class=\"elementor-column elementor-col-25 elementor-top-column elementor-element elementor-element-34d5890 top column-style-top\" data-id=\"34d5890\" data-element_type=\"column\">\n\t\t\t<div class=\"elementor-widget-wrap elementor-element-populated\">\n\t\t\t\t\t\t\t\t<div class=\"elementor-element elementor-element-ddc9661 elementor-widget elementor-widget-gva-icon-box-styles\" data-id=\"ddc9661\" data-element_type=\"widget\" data-widget_type=\"gva-icon-box-styles.default\">\n\t\t\t\t<div class=\"elementor-widget-container\">\n\t\t\t<div class=\"gva-element-gva-icon-box-styles gva-element\">\r\n   \r\n\r\n         <div class=\"widget gsc-icon-box-styles style-2\">\r\n                     <div class=\"icon-inner\">\r\n                       <a href=\"http:\/\/www.basariteknikkombi.com\/index.php\/services\/kombi-petek-temizligi-ve-bakimi\/\">\r\n                                               <span class=\"box-icon\">\r\n                        <i aria-hidden=\"true\" class=\"fas fa-users-cog\"><\/i>                     <\/span>\r\n                                 <\/a>            <\/div>\r\n         \r\n                     <h3 class=\"title\">\r\n                       <a href=\"http:\/\/www.basariteknikkombi.com\/index.php\/services\/kombi-petek-temizligi-ve-bakimi\/\">\r\n                          Kombi Petek Temizli\u011fi ve Bak\u0131m\u0131               <\/a>      \r\n            <\/h3>\r\n                  <div class=\"content-inner\">\r\n                     <\/div>\r\n      <\/div> \r\n      \r\n\r\n\r\n<\/div>\t\t<\/div>\n\t\t\t\t<\/div>\n\t\t\t\t\t<\/div>\n\t\t<\/div>\n\t\t\t\t<div class=\"elementor-column elementor-col-25 elementor-top-column elementor-element elementor-element-9597d6f top column-style-top\" data-id=\"9597d6f\" data-element_type=\"column\">\n\t\t\t<div class=\"elementor-widget-wrap elementor-element-populated\">\n\t\t\t\t\t\t\t\t<div class=\"elementor-element elementor-element-cf434f0 elementor-widget elementor-widget-gva-icon-box-styles\" data-id=\"cf434f0\" data-element_type=\"widget\" data-widget_type=\"gva-icon-box-styles.default\">\n\t\t\t\t<div class=\"elementor-widget-container\">\n\t\t\t<div class=\"gva-element-gva-icon-box-styles gva-element\">\r\n   \r\n\r\n         <div class=\"widget gsc-icon-box-styles style-2\">\r\n                     <div class=\"icon-inner\">\r\n                       <a href=\"http:\/\/www.basariteknikkombi.com\/index.php\/services\/ocak-donusum-bakim-ve-tamiri\/\">\r\n                                               <span class=\"box-icon\">\r\n                        <i aria-hidden=\"true\" class=\"fas fa-users-cog\"><\/i>                     <\/span>\r\n                                 <\/a>            <\/div>\r\n         \r\n                     <h3 class=\"title\">\r\n                       <a href=\"http:\/\/www.basariteknikkombi.com\/index.php\/services\/ocak-donusum-bakim-ve-tamiri\/\">\r\n                          Ocak D\u00f6n\u00fc\u015f\u00fcm \u0130\u015fleri ve Bak\u0131m\u0131               <\/a>      \r\n            <\/h3>\r\n                  <div class=\"content-inner\">\r\n                     <\/div>\r\n      <\/div> \r\n      \r\n\r\n\r\n<\/div>\t\t<\/div>\n\t\t\t\t<\/div>\n\t\t\t\t\t<\/div>\n\t\t<\/div>\n\t\t\t\t<div class=\"elementor-column elementor-col-25 elementor-top-column elementor-element elementor-element-730ee05 top column-style-top\" data-id=\"730ee05\" data-element_type=\"column\" data-settings=\"{&quot;background_background&quot;:&quot;classic&quot;}\">\n\t\t\t<div class=\"elementor-widget-wrap elementor-element-populated\">\n\t\t\t\t\t<div class=\"elementor-background-overlay\"><\/div>\n\t\t\t\t\t\t\t\t<div class=\"elementor-element elementor-element-71b27b9 elementor-widget elementor-widget-heading\" data-id=\"71b27b9\" data-element_type=\"widget\" data-widget_type=\"heading.default\">\n\t\t\t\t<div class=\"elementor-widget-container\">\n\t\t\t<style>\/*! elementor - v3.7.7 - 20-09-2022 *\/\n.elementor-heading-title{padding:0;margin:0;line-height:1}.elementor-widget-heading .elementor-heading-title[class*=elementor-size-]>a{color:inherit;font-size:inherit;line-height:inherit}.elementor-widget-heading .elementor-heading-title.elementor-size-small{font-size:15px}.elementor-widget-heading .elementor-heading-title.elementor-size-medium{font-size:19px}.elementor-widget-heading .elementor-heading-title.elementor-size-large{font-size:29px}.elementor-widget-heading .elementor-heading-title.elementor-size-xl{font-size:39px}.elementor-widget-heading .elementor-heading-title.elementor-size-xxl{font-size:59px}<\/style><h2 class=\"elementor-heading-title elementor-size-default\">T\u00fcm Marka & Model Kombi Ar\u0131zalar\u0131n\u0131z \u0130\u00e7in<\/h2>\t\t<\/div>\n\t\t\t\t<\/div>\n\t\t\t\t<div class=\"elementor-element elementor-element-b3d6a96 elementor-align-center elementor-widget elementor-widget-button\" data-id=\"b3d6a96\" data-element_type=\"widget\" data-widget_type=\"button.default\">\n\t\t\t\t<div class=\"elementor-widget-container\">\n\t\t\t\t\t<div class=\"elementor-button-wrapper\">\n\t\t\t<a href=\"http:\/\/www.basariteknikkombi.com\/index.php\/iletisim\/\" class=\"elementor-button-link elementor-button elementor-size-sm\" role=\"button\">\n\t\t\t\t\t\t<span class=\"elementor-button-content-wrapper\">\n\t\t\t\t\t\t<span class=\"elementor-button-text\">Bize Ula\u015f\u0131n<\/span>\n\t\t<\/span>\n\t\t\t\t\t<\/a>\n\t\t<\/div>\n\t\t\t\t<\/div>\n\t\t\t\t<\/div>\n\t\t\t\t\t<\/div>\n\t\t<\/div>\n\t\t\t\t\t\t\t<\/div>\n\t\t<\/section>\n\t\t\t\t\t\t\t<\/div>\n\t\t","protected":false},"excerpt":{"rendered":"<p>Kombi Bak\u0131m Onar\u0131m\u0131 ve Bak\u0131m\u0131 Kombi Petek Temizli\u011fi ve Bak\u0131m\u0131 Ocak D\u00f6n\u00fc\u015f\u00fcm \u0130\u015fleri ve Bak\u0131m\u0131 T\u00fcm Marka &#038; Model Kombi Ar\u0131zalar\u0131n\u0131z \u0130\u00e7in Bize Ula\u015f\u0131n<\/p>\n","protected":false},"author":1,"featured_media":0,"parent":0,"menu_order":0,"comment_status":"closed","ping_status":"closed","template":"","meta":{"_themeisle_gutenberg_block_has_review":false},"_links":{"self":[{"href":"http:\/\/www.basariteknikkombi.com\/index.php\/wp-json\/wp\/v2\/pages\/8394"}],"collection":[{"href":"http:\/\/www.basariteknikkombi.com\/index.php\/wp-json\/wp\/v2\/pages"}],"about":[{"href":"http:\/\/www.basariteknikkombi.com\/index.php\/wp-json\/wp\/v2\/types\/page"}],"author":[{"embeddable":true,"href":"http:\/\/www.basariteknikkombi.com\/index.php\/wp-json\/wp\/v2\/users\/1"}],"replies":[{"embeddable":true,"href":"http:\/\/www.basariteknikkombi.com\/index.php\/wp-json\/wp\/v2\/comments?post=8394"}],"version-history":[{"count":19,"href":"http:\/\/www.basariteknikkombi.com\/index.php\/wp-json\/wp\/v2\/pages\/8394\/revisions"}],"predecessor-version":[{"id":13067,"href":"http:\/\/www.basariteknikkombi.com\/index.php\/wp-json\/wp\/v2\/pages\/8394\/revisions\/13067"}],"wp:attachment":[{"href":"http:\/\/www.basariteknikkombi.com\/index.php\/wp-json\/wp\/v2\/media?parent=8394"}],"curies":[{"name":"wp","href":"https:\/\/api.w.org\/{rel}","templated":true}]}}