{"id":4004,"date":"2019-04-01T04:06:30","date_gmt":"2019-04-01T04:06:30","guid":{"rendered":"https:\/\/www.gavias-theme.com\/wp\/inusti\/?page_id=4004"},"modified":"2022-09-27T18:46:24","modified_gmt":"2022-09-27T18:46:24","slug":"home-1","status":"publish","type":"page","link":"http:\/\/www.basariteknikkombi.com\/","title":{"rendered":"Home 1"},"content":{"rendered":"\t\t<div data-elementor-type=\"wp-post\" data-elementor-id=\"4004\" class=\"elementor elementor-4004\">\n\t\t\t\t\t\t\t\t\t<section class=\"elementor-section elementor-top-section elementor-element elementor-element-1947c5a elementor-section-full_width bg-overlay-top elementor-section-height-default elementor-section-height-default\" data-id=\"1947c5a\" data-element_type=\"section\">\n\t\t\t\t\t\t\t<div class=\"elementor-background-overlay\"><\/div>\n\t\t\t\t\t\t\t<div class=\"elementor-container elementor-column-gap-no\">\n\t\t\t\t\t<div class=\"elementor-column elementor-col-100 elementor-top-column elementor-element elementor-element-e8db23f top column-style-top\" data-id=\"e8db23f\" data-element_type=\"column\">\n\t\t\t<div class=\"elementor-widget-wrap elementor-element-populated\">\n\t\t\t\t\t\t\t\t<div class=\"elementor-element elementor-element-f5e3e5e elementor-widget elementor-widget-gva-rev-slider\" data-id=\"f5e3e5e\" data-element_type=\"widget\" id=\"1\" data-widget_type=\"gva-rev-slider.default\">\n\t\t\t\t<div class=\"elementor-widget-container\">\n\t\t\t<div class=\"gva-element-gva-rev-slider gva-element\">\n\t\t\t<!-- START Slider I REVOLUTION SLIDER 6.5.25 --><p class=\"rs-p-wp-fix\"><\/p>\n\t\t\t<rs-module-wrap id=\"rev_slider_1_1_wrapper\" data-source=\"gallery\" style=\"visibility:hidden;background:transparent;padding:0;margin:0px auto;margin-top:0;margin-bottom:0;max-width:100%;\">\n\t\t\t\t<rs-module id=\"rev_slider_1_1\" style=\"\" data-version=\"6.5.25\">\n\t\t\t\t\t<rs-slides>\n\t\t\t\t\t\t<rs-slide style=\"position: absolute;\" data-key=\"rs-1\" data-title=\"Slide\" data-anim=\"d:20;ms:1500;f:edges;\" data-in=\"prst:rndany;o:0;x:cyc(20|10|8|5|2|1|2|-1|-2|-5|-8|-10|-20);y:cyc(20|10|8|5|2|1|2|-1|-2|-5|-8|-10|-20);r:cyc(20|10|8|5|2|1|2|-1|-2|-5|-8|-10|-20);sx:cyc(8|7|6|4|3|2|1.3|2|3|4|6|7|8);sy:cyc(8|7|6|4|3|2|1.3|2|3|4|6|7|8);m:true;row:17;col:17;\" data-out=\"o:0;\" data-alttrans=\"random-premium,random\">\n\t\t\t\t\t\t\t<img src=\"\/\/www.basariteknikkombi.com\/wp-content\/plugins\/revslider\/public\/assets\/assets\/dummy.png\" alt=\"\" title=\"slayt1\" width=\"1894\" height=\"934\" class=\"rev-slidebg tp-rs-img rs-lazyload\" data-lazyload=\"\/\/www.basariteknikkombi.com\/wp-content\/uploads\/2022\/09\/slayt1.jpg\" data-parallax=\"9\" data-no-retina>\n<!---->\t\t\t\t\t\t<\/rs-slide>\n\t\t\t\t\t<\/rs-slides>\n\t\t\t\t<\/rs-module>\n\t\t\t\t<script>\n\t\t\t\t\tsetREVStartSize({c: 'rev_slider_1_1',rl:[1240,1240,778,480],el:[820,820,580,440],gw:[1170,1170,778,480],gh:[820,820,580,440],type:'standard',justify:'',layout:'fullwidth',mh:\"0\"});if (window.RS_MODULES!==undefined && window.RS_MODULES.modules!==undefined && window.RS_MODULES.modules[\"revslider11\"]!==undefined) {window.RS_MODULES.modules[\"revslider11\"].once = false;window.revapi1 = undefined;if (window.RS_MODULES.checkMinimal!==undefined) window.RS_MODULES.checkMinimal()}\n\t\t\t\t<\/script>\n\t\t\t<\/rs-module-wrap>\n\t\t\t<!-- END REVOLUTION SLIDER -->\n<\/div>\t\t<\/div>\n\t\t\t\t<\/div>\n\t\t\t\t\t<\/div>\n\t\t<\/div>\n\t\t\t\t\t\t\t<\/div>\n\t\t<\/section>\n\t\t\t\t<section class=\"elementor-section elementor-top-section elementor-element elementor-element-c29c320 bg-row-theme elementor-section-boxed elementor-section-height-default elementor-section-height-default\" data-id=\"c29c320\" data-element_type=\"section\">\n\t\t\t\t\t\t<div class=\"elementor-container elementor-column-gap-default\">\n\t\t\t\t\t<div class=\"elementor-column elementor-col-100 elementor-top-column elementor-element elementor-element-e51b296 top column-style-top\" data-id=\"e51b296\" data-element_type=\"column\">\n\t\t\t<div class=\"elementor-widget-wrap elementor-element-populated\">\n\t\t\t\t\t\t\t\t<div class=\"elementor-element elementor-element-f006b21 elementor-widget elementor-widget-heading\" data-id=\"f006b21\" data-element_type=\"widget\" data-widget_type=\"heading.default\">\n\t\t\t\t<div class=\"elementor-widget-container\">\n\t\t\t<style>\/*! elementor - v3.7.7 - 20-09-2022 *\/\n.elementor-heading-title{padding:0;margin:0;line-height:1}.elementor-widget-heading .elementor-heading-title[class*=elementor-size-]>a{color:inherit;font-size:inherit;line-height:inherit}.elementor-widget-heading .elementor-heading-title.elementor-size-small{font-size:15px}.elementor-widget-heading .elementor-heading-title.elementor-size-medium{font-size:19px}.elementor-widget-heading .elementor-heading-title.elementor-size-large{font-size:29px}.elementor-widget-heading .elementor-heading-title.elementor-size-xl{font-size:39px}.elementor-widget-heading .elementor-heading-title.elementor-size-xxl{font-size:59px}<\/style><h1 class=\"elementor-heading-title elementor-size-default\">Ba\u015far\u0131 Teknik Kombi Daima Yan\u0131n\u0131zda<\/h1>\t\t<\/div>\n\t\t\t\t<\/div>\n\t\t\t\t\t<\/div>\n\t\t<\/div>\n\t\t\t\t\t\t\t<\/div>\n\t\t<\/section>\n\t\t\t\t<section class=\"elementor-section elementor-top-section elementor-element elementor-element-99d8833 elementor-section-boxed elementor-section-height-default elementor-section-height-default\" data-id=\"99d8833\" data-element_type=\"section\" data-settings=\"{&quot;background_background&quot;:&quot;gradient&quot;}\">\n\t\t\t\t\t\t<div class=\"elementor-container elementor-column-gap-default\">\n\t\t\t\t\t<div class=\"elementor-column elementor-col-100 elementor-top-column elementor-element elementor-element-6d9d2a6 top column-style-top\" data-id=\"6d9d2a6\" data-element_type=\"column\">\n\t\t\t<div class=\"elementor-widget-wrap elementor-element-populated\">\n\t\t\t\t\t\t\t\t<div class=\"elementor-element elementor-element-81cde8b elementor-widget elementor-widget-gva-heading-block\" data-id=\"81cde8b\" data-element_type=\"widget\" data-widget_type=\"gva-heading-block.default\">\n\t\t\t\t<div class=\"elementor-widget-container\">\n\t\t\t<div class=\"gva-element-gva-heading-block gva-element\">   <div class=\"align-center style-1 widget gsc-heading box-align-left\">\r\n      <div class=\"content-inner\">\r\n         \r\n                  \r\n                     <div class=\"clearfix\"><div class=\"sub-title\"><span>Ba\u015far\u0131 Teknik Kombi<\/span><\/div><\/div>\r\n           \r\n         \r\n                     <h2 class=\"title\">\r\n               <span>Hizmetlerimiz<\/span>\r\n            <\/h2>\r\n                  \r\n         \r\n      <\/div>\r\n   <\/div>\r\n   <div class=\"clearfix\"><\/div>\r\n<\/div>\t\t<\/div>\n\t\t\t\t<\/div>\n\t\t\t\t<div class=\"elementor-element elementor-element-e2d6b4c elementor-widget elementor-widget-gva-services-group\" data-id=\"e2d6b4c\" data-element_type=\"widget\" data-widget_type=\"gva-services-group.default\">\n\t\t\t\t<div class=\"elementor-widget-container\">\n\t\t\t<div class=\"gva-element-gva-services-group gva-element\">\r\n<div class=\"gsc-services-group layout-carousel style-1 no-gutter\">\r\n   <div class=\"init-carousel-owl owl-carousel\" data-items=\"3\" data-items_lg=\"3\" data-items_md=\"3\" data-items_sm=\"2\" data-items_xs=\"2\" data-items_xx=\"1\" data-loop=\"1\" data-speed=\"800\" data-auto_play=\"0\" data-auto_play_speed=\"800\" data-auto_play_timeout=\"6000\" data-auto_play_hover=\"1\" data-navigation=\"1\" data-pagination=\"0\" data-mouse_drag=\"1\" data-touch_drag=\"1\" >\r\n               <div class=\"item\">\r\n            \r\n   <div class=\"service-item style-1\">\r\n      <div class=\"service-item-content\">\r\n      \t\t<div class=\"service-image\">\t      \t\r\n\t\t\t\r\n\t\t\t\t\t\t\t<img src=\"http:\/\/www.basariteknikkombi.com\/wp-content\/uploads\/2022\/09\/izmir-kombi-tamircisi.png\" alt=\"Kombi Bak\u0131m Onar\u0131m\u0131 ve Bak\u0131m\u0131\" \/>\r\n\t\t\t\t\t\r\n\t            \t\t\t\t\t<span class=\"service-icon\">\r\n\t\t\t\t\t\t<i aria-hidden=\"true\" class=\"fas fa-users-cog\"><\/i>\t\t\t\t\t<\/span>\r\n\t\t\t\t\t\t\t<\/div>\r\n            <div class=\"service-content\">\r\n\t\t\t\t\t\t\t\t\t<h3 class=\"title\"><span>Kombi Bak\u0131m Onar\u0131m\u0131 ve Bak\u0131m\u0131<\/span><\/h3>\r\n\t\t\t\t\r\n\t\t\t\t\r\n\t\t\t\t\t\t\t\t\t\r\n\t\t\t\t\t<div class=\"read-more\">\r\n\t\t               <a href=\"http:\/\/www.basariteknikkombi.com\/index.php\/services\/kombi-bakim-onarimi-ve-bakimi\/\">\r\n\t\t               \t<i class=\"fas fa-long-arrow-alt-right\"><\/i>\r\n\t\t               <\/a>\r\n\t\t            <\/div>\r\n\t\t\t\t\t\t\t<\/div>\r\n\t\t<\/div>\r\n\t\t\r\n\t\t        <a href=\"http:\/\/www.basariteknikkombi.com\/index.php\/services\/kombi-bakim-onarimi-ve-bakimi\/\" class=\"link-overlay\"><\/a>\r\n        \t<\/div>\t\t\r\n\t\r\n\r\n\r\n<!-- Style II -->\r\n\t         <\/div>\r\n               <div class=\"item\">\r\n            \r\n   <div class=\"service-item style-1\">\r\n      <div class=\"service-item-content\">\r\n      \t\t<div class=\"service-image\">\t      \t\r\n\t\t\t\r\n\t\t\t\t\t\t\t<img src=\"http:\/\/www.basariteknikkombi.com\/wp-content\/uploads\/2022\/09\/izmir-kombi-tamircisi.png\" alt=\"Kombi Petek Temizli\u011fi ve Bak\u0131m\u0131\" \/>\r\n\t\t\t\t\t\r\n\t            \t\t\t\t\t<span class=\"service-icon\">\r\n\t\t\t\t\t\t<i aria-hidden=\"true\" class=\"fas fa-users-cog\"><\/i>\t\t\t\t\t<\/span>\r\n\t\t\t\t\t\t\t<\/div>\r\n            <div class=\"service-content\">\r\n\t\t\t\t\t\t\t\t\t<h3 class=\"title\"><span>Kombi Petek Temizli\u011fi ve Bak\u0131m\u0131<\/span><\/h3>\r\n\t\t\t\t\r\n\t\t\t\t\r\n\t\t\t\t\t\t\t\t\t\r\n\t\t\t\t\t<div class=\"read-more\">\r\n\t\t               <a href=\"http:\/\/www.basariteknikkombi.com\/index.php\/services\/kombi-petek-temizligi-ve-bakimi\/\">\r\n\t\t               \t<i class=\"fas fa-long-arrow-alt-right\"><\/i>\r\n\t\t               <\/a>\r\n\t\t            <\/div>\r\n\t\t\t\t\t\t\t<\/div>\r\n\t\t<\/div>\r\n\t\t\r\n\t\t        <a href=\"http:\/\/www.basariteknikkombi.com\/index.php\/services\/kombi-petek-temizligi-ve-bakimi\/\" class=\"link-overlay\"><\/a>\r\n        \t<\/div>\t\t\r\n\t\r\n\r\n\r\n<!-- Style II -->\r\n\t         <\/div>\r\n               <div class=\"item\">\r\n            \r\n   <div class=\"service-item style-1\">\r\n      <div class=\"service-item-content\">\r\n      \t\t<div class=\"service-image\">\t      \t\r\n\t\t\t\r\n\t\t\t\t\t\t\t<img src=\"http:\/\/www.basariteknikkombi.com\/wp-content\/uploads\/2022\/09\/izmir-kombi-tamircisi.png\" alt=\"Ocak D\u00f6n\u00fc\u015f\u00fcm Bak\u0131m ve Tamiri\" \/>\r\n\t\t\t\t\t\r\n\t            \t\t\t\t\t<span class=\"service-icon\">\r\n\t\t\t\t\t\t<i aria-hidden=\"true\" class=\"fas fa-users-cog\"><\/i>\t\t\t\t\t<\/span>\r\n\t\t\t\t\t\t\t<\/div>\r\n            <div class=\"service-content\">\r\n\t\t\t\t\t\t\t\t\t<h3 class=\"title\"><span>Ocak D\u00f6n\u00fc\u015f\u00fcm Bak\u0131m ve Tamiri<\/span><\/h3>\r\n\t\t\t\t\r\n\t\t\t\t\r\n\t\t\t\t\t\t\t\t\t\r\n\t\t\t\t\t<div class=\"read-more\">\r\n\t\t               <a href=\"http:\/\/www.basariteknikkombi.com\/index.php\/services\/ocak-donusum-bakim-ve-tamiri\/\">\r\n\t\t               \t<i class=\"fas fa-long-arrow-alt-right\"><\/i>\r\n\t\t               <\/a>\r\n\t\t            <\/div>\r\n\t\t\t\t\t\t\t<\/div>\r\n\t\t<\/div>\r\n\t\t\r\n\t\t        <a href=\"http:\/\/www.basariteknikkombi.com\/index.php\/services\/ocak-donusum-bakim-ve-tamiri\/\" class=\"link-overlay\"><\/a>\r\n        \t<\/div>\t\t\r\n\t\r\n\r\n\r\n<!-- Style II -->\r\n\t         <\/div>\r\n         <\/div>\r\n<\/div>\r\n<\/div>\t\t<\/div>\n\t\t\t\t<\/div>\n\t\t\t\t\t<\/div>\n\t\t<\/div>\n\t\t\t\t\t\t\t<\/div>\n\t\t<\/section>\n\t\t\t\t<section class=\"elementor-section elementor-top-section elementor-element elementor-element-9d00984 elementor-section-boxed elementor-section-height-default elementor-section-height-default\" data-id=\"9d00984\" data-element_type=\"section\" data-settings=\"{&quot;background_background&quot;:&quot;classic&quot;}\">\n\t\t\t\t\t\t<div class=\"elementor-container elementor-column-gap-no\">\n\t\t\t\t\t<div class=\"elementor-column elementor-col-100 elementor-top-column elementor-element elementor-element-68c2c8c top column-style-top\" data-id=\"68c2c8c\" data-element_type=\"column\">\n\t\t\t<div class=\"elementor-widget-wrap elementor-element-populated\">\n\t\t\t\t\t\t\t\t<div class=\"elementor-element elementor-element-af0988b elementor-widget elementor-widget-gva-brand\" data-id=\"af0988b\" data-element_type=\"widget\" data-widget_type=\"gva-brand.default\">\n\t\t\t\t<div class=\"elementor-widget-container\">\n\t\t\t<div class=\"gva-element-gva-brand gva-element\">\r\n   <div class=\"gva-brand-carousel style-2\">\r\n      <div class=\"init-carousel-owl owl-carousel\" data-items=\"5\" data-items_lg=\"5\" data-items_md=\"3\" data-items_sm=\"2\" data-items_xs=\"1\" data-items_xx=\"1\" data-loop=\"1\" data-speed=\"800\" data-auto_play=\"1\" data-auto_play_speed=\"800\" data-auto_play_timeout=\"6000\" data-auto_play_hover=\"1\" data-navigation=\"0\" data-pagination=\"0\" data-mouse_drag=\"1\" data-touch_drag=\"1\" >\r\n                                 <div class=\"item brand-item\">\r\n               <div class=\"brand-item-content\">\r\n                  <span >\r\n                     <img src=\"http:\/\/www.basariteknikkombi.com\/wp-content\/uploads\/2022\/09\/vaillant_ps.jpg\" alt=\"\" class=\"brand-img\"\/>                  <\/span>   \r\n               <\/div>\r\n            <\/div>\r\n                                 <div class=\"item brand-item\">\r\n               <div class=\"brand-item-content\">\r\n                  <span >\r\n                     <img src=\"http:\/\/www.basariteknikkombi.com\/wp-content\/uploads\/2022\/09\/baymak_ps.jpg\" alt=\"\" class=\"brand-img\"\/>                  <\/span>   \r\n               <\/div>\r\n            <\/div>\r\n                                 <div class=\"item brand-item\">\r\n               <div class=\"brand-item-content\">\r\n                  <span >\r\n                     <img src=\"http:\/\/www.basariteknikkombi.com\/wp-content\/uploads\/2022\/09\/bosch_ps.jpg\" alt=\"\" class=\"brand-img\"\/>                  <\/span>   \r\n               <\/div>\r\n            <\/div>\r\n                                 <div class=\"item brand-item\">\r\n               <div class=\"brand-item-content\">\r\n                  <span >\r\n                     <img src=\"http:\/\/www.basariteknikkombi.com\/wp-content\/uploads\/2022\/09\/eca_ps.jpg\" alt=\"\" class=\"brand-img\"\/>                  <\/span>   \r\n               <\/div>\r\n            <\/div>\r\n               <\/div>\r\n   <\/div>\r\n<\/div>\t\t<\/div>\n\t\t\t\t<\/div>\n\t\t\t\t\t<\/div>\n\t\t<\/div>\n\t\t\t\t\t\t\t<\/div>\n\t\t<\/section>\n\t\t\t\t\t\t\t<\/div>\n\t\t","protected":false},"excerpt":{"rendered":"<p>Ba\u015far\u0131 Teknik Kombi Daima Yan\u0131n\u0131zda Ba\u015far\u0131 Teknik Kombi Hizmetlerimiz Kombi Bak\u0131m Onar\u0131m\u0131 ve Bak\u0131m\u0131 Kombi Petek Temizli\u011fi ve Bak\u0131m\u0131 Ocak D\u00f6n\u00fc\u015f\u00fcm Bak\u0131m ve Tamiri<\/p>\n","protected":false},"author":1,"featured_media":0,"parent":0,"menu_order":0,"comment_status":"closed","ping_status":"closed","template":"","meta":{"_themeisle_gutenberg_block_has_review":false},"_links":{"self":[{"href":"http:\/\/www.basariteknikkombi.com\/index.php\/wp-json\/wp\/v2\/pages\/4004"}],"collection":[{"href":"http:\/\/www.basariteknikkombi.com\/index.php\/wp-json\/wp\/v2\/pages"}],"about":[{"href":"http:\/\/www.basariteknikkombi.com\/index.php\/wp-json\/wp\/v2\/types\/page"}],"author":[{"embeddable":true,"href":"http:\/\/www.basariteknikkombi.com\/index.php\/wp-json\/wp\/v2\/users\/1"}],"replies":[{"embeddable":true,"href":"http:\/\/www.basariteknikkombi.com\/index.php\/wp-json\/wp\/v2\/comments?post=4004"}],"version-history":[{"count":18,"href":"http:\/\/www.basariteknikkombi.com\/index.php\/wp-json\/wp\/v2\/pages\/4004\/revisions"}],"predecessor-version":[{"id":13075,"href":"http:\/\/www.basariteknikkombi.com\/index.php\/wp-json\/wp\/v2\/pages\/4004\/revisions\/13075"}],"wp:attachment":[{"href":"http:\/\/www.basariteknikkombi.com\/index.php\/wp-json\/wp\/v2\/media?parent=4004"}],"curies":[{"name":"wp","href":"https:\/\/api.w.org\/{rel}","templated":true}]}}