{"id":11864,"date":"2021-05-12T04:29:41","date_gmt":"2021-05-12T04:29:41","guid":{"rendered":"https:\/\/www.gavias-theme.com\/wp\/inusti\/?page_id=11864"},"modified":"2022-09-27T18:37:58","modified_gmt":"2022-09-27T18:37:58","slug":"ocak-donusum-bakim-ve-tamiri","status":"publish","type":"page","link":"http:\/\/www.basariteknikkombi.com\/index.php\/services\/ocak-donusum-bakim-ve-tamiri\/","title":{"rendered":"Ocak D\u00f6n\u00fc\u015f\u00fcm Bak\u0131m ve Tamiri"},"content":{"rendered":"\t\t<div data-elementor-type=\"wp-page\" data-elementor-id=\"11864\" class=\"elementor elementor-11864\">\n\t\t\t\t\t\t\t\t\t<section class=\"elementor-section elementor-top-section elementor-element elementor-element-103efb40 elementor-section-boxed elementor-section-height-default elementor-section-height-default\" data-id=\"103efb40\" data-element_type=\"section\">\n\t\t\t\t\t\t<div class=\"elementor-container elementor-column-gap-default\">\n\t\t\t\t\t<div class=\"elementor-column elementor-col-33 elementor-top-column elementor-element elementor-element-57fab34e top column-style-top\" data-id=\"57fab34e\" data-element_type=\"column\">\n\t\t\t<div class=\"elementor-widget-wrap elementor-element-populated\">\n\t\t\t\t\t\t\t\t<div class=\"elementor-element elementor-element-1217e0a elementor-widget elementor-widget-image\" data-id=\"1217e0a\" data-element_type=\"widget\" data-widget_type=\"image.default\">\n\t\t\t\t<div class=\"elementor-widget-container\">\n\t\t\t<style>\/*! elementor - v3.7.7 - 20-09-2022 *\/\n.elementor-widget-image{text-align:center}.elementor-widget-image a{display:inline-block}.elementor-widget-image a img[src$=\".svg\"]{width:48px}.elementor-widget-image img{vertical-align:middle;display:inline-block}<\/style>\t\t\t\t\t\t\t\t\t\t\t\t<img width=\"507\" height=\"213\" src=\"http:\/\/www.basariteknikkombi.com\/wp-content\/uploads\/2019\/05\/logo.jpg\" class=\"attachment-full size-full\" alt=\"\" loading=\"lazy\" \/>\t\t\t\t\t\t\t\t\t\t\t\t\t\t\t<\/div>\n\t\t\t\t<\/div>\n\t\t\t\t<div class=\"elementor-element elementor-element-21cc42bb elementor-view-stacked elementor-shape-circle elementor-widget elementor-widget-icon\" data-id=\"21cc42bb\" data-element_type=\"widget\" data-widget_type=\"icon.default\">\n\t\t\t\t<div class=\"elementor-widget-container\">\n\t\t\t\t\t<div class=\"elementor-icon-wrapper\">\n\t\t\t<a class=\"elementor-icon\" href=\"tel:05365122438\">\n\t\t\t<i aria-hidden=\"true\" class=\"fi flaticon-phone-call\"><\/i>\t\t\t<\/a>\n\t\t<\/div>\n\t\t\t\t<\/div>\n\t\t\t\t<\/div>\n\t\t\t\t<div class=\"elementor-element elementor-element-4939f471 elementor-widget elementor-widget-gva-icon-box-styles\" data-id=\"4939f471\" data-element_type=\"widget\" data-widget_type=\"gva-icon-box-styles.default\">\n\t\t\t\t<div class=\"elementor-widget-container\">\n\t\t\t<div class=\"gva-element-gva-icon-box-styles gva-element\">\r\n   \r\n\r\n         <div class=\"widget gsc-icon-box-styles style-2\">\r\n         \r\n                     <h3 class=\"title\">\r\n                                 Bize Ula\u015f\u0131n                     \r\n            <\/h3>\r\n                  <div class=\"content-inner\">\r\n                           <div class=\"desc\">0536 512 24 38<\/div>\r\n                     <\/div>\r\n      <\/div> \r\n      \r\n\r\n\r\n<\/div>\t\t<\/div>\n\t\t\t\t<\/div>\n\t\t\t\t\t<\/div>\n\t\t<\/div>\n\t\t\t\t<div class=\"elementor-column elementor-col-66 elementor-top-column elementor-element elementor-element-46710436 top column-style-top\" data-id=\"46710436\" data-element_type=\"column\">\n\t\t\t<div class=\"elementor-widget-wrap elementor-element-populated\">\n\t\t\t\t\t\t\t\t<section class=\"elementor-section elementor-inner-section elementor-element elementor-element-2ca242c7 elementor-section-boxed elementor-section-height-default elementor-section-height-default\" data-id=\"2ca242c7\" data-element_type=\"section\">\n\t\t\t\t\t\t<div class=\"elementor-container elementor-column-gap-default\">\n\t\t\t\t\t<div class=\"elementor-column elementor-col-100 elementor-inner-column elementor-element elementor-element-230aea6c top column-style-top\" data-id=\"230aea6c\" data-element_type=\"column\">\n\t\t\t<div class=\"elementor-widget-wrap elementor-element-populated\">\n\t\t\t\t\t\t\t\t<div class=\"elementor-element elementor-element-51eaf831 elementor-widget elementor-widget-image\" data-id=\"51eaf831\" data-element_type=\"widget\" data-widget_type=\"image.default\">\n\t\t\t\t<div class=\"elementor-widget-container\">\n\t\t\t\t\t\t\t\t\t\t\t\t\t\t\t<img width=\"719\" height=\"450\" src=\"http:\/\/www.basariteknikkombi.com\/wp-content\/uploads\/2022\/09\/izmir-kombi-tamircisi.png\" class=\"attachment-full size-full\" alt=\"\" loading=\"lazy\" srcset=\"http:\/\/www.basariteknikkombi.com\/wp-content\/uploads\/2022\/09\/izmir-kombi-tamircisi.png 719w, http:\/\/www.basariteknikkombi.com\/wp-content\/uploads\/2022\/09\/izmir-kombi-tamircisi-600x376.png 600w\" sizes=\"(max-width: 719px) 100vw, 719px\" \/>\t\t\t\t\t\t\t\t\t\t\t\t\t\t\t<\/div>\n\t\t\t\t<\/div>\n\t\t\t\t<div class=\"elementor-element elementor-element-3a6f0b8b elementor-view-stacked elementor-shape-square elementor-widget__width-auto elementor-absolute elementor-widget elementor-widget-icon\" data-id=\"3a6f0b8b\" data-element_type=\"widget\" data-settings=\"{&quot;_position&quot;:&quot;absolute&quot;}\" data-widget_type=\"icon.default\">\n\t\t\t\t<div class=\"elementor-widget-container\">\n\t\t\t\t\t<div class=\"elementor-icon-wrapper\">\n\t\t\t<div class=\"elementor-icon elementor-animation-float\">\n\t\t\t<i aria-hidden=\"true\" class=\"fi flaticon-industry\"><\/i>\t\t\t<\/div>\n\t\t<\/div>\n\t\t\t\t<\/div>\n\t\t\t\t<\/div>\n\t\t\t\t\t<\/div>\n\t\t<\/div>\n\t\t\t\t\t\t\t<\/div>\n\t\t<\/section>\n\t\t\t\t<div class=\"elementor-element elementor-element-2da5b27 elementor-widget elementor-widget-heading\" data-id=\"2da5b27\" data-element_type=\"widget\" data-widget_type=\"heading.default\">\n\t\t\t\t<div class=\"elementor-widget-container\">\n\t\t\t<style>\/*! elementor - v3.7.7 - 20-09-2022 *\/\n.elementor-heading-title{padding:0;margin:0;line-height:1}.elementor-widget-heading .elementor-heading-title[class*=elementor-size-]>a{color:inherit;font-size:inherit;line-height:inherit}.elementor-widget-heading .elementor-heading-title.elementor-size-small{font-size:15px}.elementor-widget-heading .elementor-heading-title.elementor-size-medium{font-size:19px}.elementor-widget-heading .elementor-heading-title.elementor-size-large{font-size:29px}.elementor-widget-heading .elementor-heading-title.elementor-size-xl{font-size:39px}.elementor-widget-heading .elementor-heading-title.elementor-size-xxl{font-size:59px}<\/style><h2 class=\"elementor-heading-title elementor-size-default\">Ocak D\u00f6n\u00fc\u015f\u00fcm \u0130\u015fleri ve Bak\u0131m\u0131<\/h2>\t\t<\/div>\n\t\t\t\t<\/div>\n\t\t\t\t<div class=\"elementor-element elementor-element-23c76959 elementor-widget elementor-widget-text-editor\" data-id=\"23c76959\" data-element_type=\"widget\" data-widget_type=\"text-editor.default\">\n\t\t\t\t<div class=\"elementor-widget-container\">\n\t\t\t<style>\/*! elementor - v3.7.7 - 20-09-2022 *\/\n.elementor-widget-text-editor.elementor-drop-cap-view-stacked .elementor-drop-cap{background-color:#818a91;color:#fff}.elementor-widget-text-editor.elementor-drop-cap-view-framed .elementor-drop-cap{color:#818a91;border:3px solid;background-color:transparent}.elementor-widget-text-editor:not(.elementor-drop-cap-view-default) .elementor-drop-cap{margin-top:8px}.elementor-widget-text-editor:not(.elementor-drop-cap-view-default) .elementor-drop-cap-letter{width:1em;height:1em}.elementor-widget-text-editor .elementor-drop-cap{float:left;text-align:center;line-height:1;font-size:50px}.elementor-widget-text-editor .elementor-drop-cap-letter{display:inline-block}<\/style>\t\t\t\t<h2 style=\"margin: 0cm 0cm 15pt; background-image: initial; background-position: initial; background-size: initial; background-repeat: initial; background-attachment: initial; background-origin: initial; background-clip: initial; vertical-align: baseline;\"><span style=\"font-family: Arial, 'sans-serif'; color: #555555;\">F\u0131r\u0131n Ocak Do\u011falgaz D\u00f6n\u00fc\u015f\u00fcm\u00fc Gaz D\u00f6n\u00fc\u015f\u00fcm\u00fc<\/span><\/h2>\n<p style=\"margin: 0cm 0cm 15pt; background-image: initial; background-position: initial; background-size: initial; background-repeat: initial; background-attachment: initial; background-origin: initial; background-clip: initial; vertical-align: baseline;\"><span style=\"font-size: 11.5pt; font-family: 'Arial','sans-serif'; color: #5f5f5f;\">T\u00fcp gaz ile \u00e7al\u0131\u015fan ocak , \u015fofben ve f\u0131r\u0131n tarz\u0131 cihazlar\u0131n&nbsp;do\u011fal gaz ile kullan\u0131m\u0131 amac\u0131yla bir tak\u0131m par\u00e7alar\u0131nda de\u011fi\u015fikli\u011fe gidilerek&nbsp;d\u00f6n\u00fc\u015f\u00fcm yap\u0131lmaktad\u0131r. Evlerde kullan\u0131lan t\u00fcpl\u00fc ocaklar ocak memeleri, hortum&nbsp;giri\u015fleri ve hortumlar\u0131 ile do\u011fal gaz ile \u00e7al\u0131\u015fabilecek duruma getirilebilmekte. Bu i\u015flemle de y\u0131llard\u0131r kullan\u0131lan ocaklar do\u011fal gazl\u0131 bir&nbsp;eve ge\u00e7ildi\u011finde ya da eve do\u011fal gaz de\u011fi\u015ftirildi\u011finde \u00e7\u00f6pe at\u0131lmak zorunda kal\u0131nm\u0131yor.<\/span><\/p>\n<h2 style=\"margin: 0cm 0cm 15pt; background-image: initial; background-position: initial; background-size: initial; background-repeat: initial; background-attachment: initial; background-origin: initial; background-clip: initial; vertical-align: baseline;\"><span style=\"font-family: Arial, 'sans-serif'; color: #555555;\">Do\u011falgaz Oca\u011f\u0131 T\u00fcpl\u00fc Gaz D\u00f6n\u00fc\u015f\u00fcm\u00fc<\/span><\/h2>\n<p style=\"margin: 0cm 0cm 15pt; background-image: initial; background-position: initial; background-size: initial; background-repeat: initial; background-attachment: initial; background-origin: initial; background-clip: initial; vertical-align: baseline;\"><span style=\"font-size: 11.5pt; font-family: 'Arial','sans-serif'; color: #5f5f5f;\">D\u00f6n\u00fc\u015f\u00fcm T\u00fcrleri Ocak \u2013 gaz d\u00f6n\u00fc\u015f\u00fcm\u00fc Gaz sobas\u0131 d\u00f6n\u00fc\u015f\u00fcm\u00fc \u015eofben d\u00f6n\u00fc\u015f\u00fcm\u00fc Lpg do\u011fal gaz d\u00f6n\u00fc\u015f\u00fcm\u00fc Soba d\u00f6n\u00fc\u015ft\u00fcrme F\u0131r\u0131n t\u00fcp do\u011fal gaz d\u00f6n\u00fc\u015f\u00fcm\u00fc.&nbsp;<\/span><\/p><p style=\"margin: 0cm 0cm 15pt; background-image: initial; background-position: initial; background-size: initial; background-repeat: initial; background-attachment: initial; background-origin: initial; background-clip: initial; vertical-align: baseline;\"><span style=\"color: rgb(85, 85, 85); font-family: Arial, &quot;sans-serif&quot;; font-size: 1.7rem; font-weight: 700;\">Set \u00dcst\u00fc Ocak Do\u011falgaz D\u00f6n\u00fc\u015f\u00fcm\u00fc<\/span><\/p>\n<p style=\"margin: 0cm 0cm 15pt; background-image: initial; background-position: initial; background-size: initial; background-repeat: initial; background-attachment: initial; background-origin: initial; background-clip: initial; vertical-align: baseline;\"><span style=\"font-size: 11.5pt; font-family: 'Arial','sans-serif'; color: #5f5f5f;\">Aileler y\u0131llard\u0131r kulland\u0131klar\u0131 ya da yeni sat\u0131n ald\u0131klar\u0131 ocak, \u015fofben, f\u0131r\u0131n, soba gibi cihazlar\u0131 do\u011fal gaz kullanabilmek ad\u0131na de\u011fi\u015ftirmek istememektedir. Taleplerin yo\u011fun olmas\u0131 nedeniyle d\u00fcnya genelinde yap\u0131lan bir \u00e7al\u0131\u015fma ile \u00e7e\u015fitli aparat ve ekipmanlar \u00fcretilmi\u015f ve tedarik\u00e7i firmalara ula\u015ft\u0131r\u0131lm\u0131\u015ft\u0131r. Do\u011fal gaz sekt\u00f6r\u00fcnde faaliyet g\u00f6steren teknik servis ekipleri tedarik\u00e7i&nbsp;firmalar arac\u0131l\u0131\u011f\u0131yla temin ettikleri bu ufak aparkatlar\u0131 uygun b\u00f6l\u00fcmlere monte&nbsp;ederek sistemi kullan\u0131labilir hale getirmektedirler.<\/span><\/p>\n<h2 style=\"margin: 0cm 0cm 15pt; background-image: initial; background-position: initial; background-size: initial; background-repeat: initial; background-attachment: initial; background-origin: initial; background-clip: initial; vertical-align: baseline;\"><span style=\"font-family: Arial, 'sans-serif'; color: #555555;\">Ocak Memesi De\u011fi\u015fimi<\/span><\/h2>\n<p style=\"margin: 0cm 0cm 15pt; background-image: initial; background-position: initial; background-size: initial; background-repeat: initial; background-attachment: initial; background-origin: initial; background-clip: initial; vertical-align: baseline;\"><span style=\"font-size: 11.5pt; font-family: 'Arial','sans-serif'; color: #5f5f5f;\">\u00dclkemizde ya\u015fam \u015fartlar\u0131n\u0131n iyile\u015fmeye ba\u015flamas\u0131yla birlikte pek \u00e7ok aile do\u011fal gazl\u0131 evlere ge\u00e7i\u015f yapm\u0131\u015ft\u0131r. Kimisi evine do\u011fal gaz sistemi&nbsp;d\u00f6\u015femeyi tercih ederken kimisi de do\u011frudan do\u011fal gaz \u0131s\u0131tma sistemi ile \u00e7al\u0131\u015fan&nbsp;evleri tercih etmi\u015f eski evinden getirdi\u011fi e\u015fyalarda t\u00fcp kullanmak durumunda<br>kalm\u0131\u015ft\u0131r.&nbsp;Bu sorunun \u00f6n\u00fcne ge\u00e7erek ufak de\u011fi\u015fikliklerle hemen her cihaz\u0131n do\u011fal gazla \u00e7al\u0131\u015fabilir duruma getirilmesi \u015f\u00fcphe yok ki bu konuda talebi bulunan aileleri&nbsp;memnun etmi\u015ftir. Evlerinizde mutfa\u011f\u0131n\u0131zda kulland\u0131\u011f\u0131n\u0131z cihazlar\u0131 s\u0131rf bu&nbsp;nedenden dolay\u0131 \u00e7\u00f6pe atmak zorunda de\u011filsiniz. Ocak d\u00f6n\u00fc\u015f\u00fcm\u00fc i\u015flemindeki<br>mant\u0131kla hemen hemen ayn\u0131 mant\u0131kla t\u00fcm cihazlar do\u011fal gaz uyumlu hale getirilebiliyor.<\/span><\/p>\n<p><\/p>\t\t\t\t\t\t<\/div>\n\t\t\t\t<\/div>\n\t\t\t\t\t<\/div>\n\t\t<\/div>\n\t\t\t\t\t\t\t<\/div>\n\t\t<\/section>\n\t\t\t\t\t\t\t<\/div>\n\t\t","protected":false},"excerpt":{"rendered":"<p>Bize Ula\u015f\u0131n 0536 512 24 38 Ocak D\u00f6n\u00fc\u015f\u00fcm \u0130\u015fleri ve Bak\u0131m\u0131 F\u0131r\u0131n Ocak Do\u011falgaz D\u00f6n\u00fc\u015f\u00fcm\u00fc Gaz D\u00f6n\u00fc\u015f\u00fcm\u00fc T\u00fcp gaz ile \u00e7al\u0131\u015fan ocak , \u015fofben ve f\u0131r\u0131n tarz\u0131 cihazlar\u0131n&nbsp;do\u011fal gaz ile [&hellip;]<\/p>\n","protected":false},"author":1,"featured_media":0,"parent":3124,"menu_order":0,"comment_status":"closed","ping_status":"closed","template":"","meta":{"_themeisle_gutenberg_block_has_review":false},"_links":{"self":[{"href":"http:\/\/www.basariteknikkombi.com\/index.php\/wp-json\/wp\/v2\/pages\/11864"}],"collection":[{"href":"http:\/\/www.basariteknikkombi.com\/index.php\/wp-json\/wp\/v2\/pages"}],"about":[{"href":"http:\/\/www.basariteknikkombi.com\/index.php\/wp-json\/wp\/v2\/types\/page"}],"author":[{"embeddable":true,"href":"http:\/\/www.basariteknikkombi.com\/index.php\/wp-json\/wp\/v2\/users\/1"}],"replies":[{"embeddable":true,"href":"http:\/\/www.basariteknikkombi.com\/index.php\/wp-json\/wp\/v2\/comments?post=11864"}],"version-history":[{"count":16,"href":"http:\/\/www.basariteknikkombi.com\/index.php\/wp-json\/wp\/v2\/pages\/11864\/revisions"}],"predecessor-version":[{"id":13060,"href":"http:\/\/www.basariteknikkombi.com\/index.php\/wp-json\/wp\/v2\/pages\/11864\/revisions\/13060"}],"up":[{"embeddable":true,"href":"http:\/\/www.basariteknikkombi.com\/index.php\/wp-json\/wp\/v2\/pages\/3124"}],"wp:attachment":[{"href":"http:\/\/www.basariteknikkombi.com\/index.php\/wp-json\/wp\/v2\/media?parent=11864"}],"curies":[{"name":"wp","href":"https:\/\/api.w.org\/{rel}","templated":true}]}}