{"id":11862,"date":"2021-05-12T04:27:25","date_gmt":"2021-05-12T04:27:25","guid":{"rendered":"https:\/\/www.gavias-theme.com\/wp\/inusti\/?page_id=11862"},"modified":"2022-09-27T18:54:14","modified_gmt":"2022-09-27T18:54:14","slug":"kombi-petek-temizligi-ve-bakimi","status":"publish","type":"page","link":"http:\/\/www.basariteknikkombi.com\/index.php\/services\/kombi-petek-temizligi-ve-bakimi\/","title":{"rendered":"Kombi Petek Temizli\u011fi ve Bak\u0131m\u0131"},"content":{"rendered":"\t\t<div data-elementor-type=\"wp-page\" data-elementor-id=\"11862\" class=\"elementor elementor-11862\">\n\t\t\t\t\t\t\t\t\t<section class=\"elementor-section elementor-top-section elementor-element elementor-element-334da7be elementor-section-boxed elementor-section-height-default elementor-section-height-default\" data-id=\"334da7be\" data-element_type=\"section\">\n\t\t\t\t\t\t<div class=\"elementor-container elementor-column-gap-default\">\n\t\t\t\t\t<div class=\"elementor-column elementor-col-33 elementor-top-column elementor-element elementor-element-19731fe5 top column-style-top\" data-id=\"19731fe5\" data-element_type=\"column\">\n\t\t\t<div class=\"elementor-widget-wrap elementor-element-populated\">\n\t\t\t\t\t\t\t\t<div class=\"elementor-element elementor-element-64ddbba4 elementor-widget elementor-widget-image\" data-id=\"64ddbba4\" data-element_type=\"widget\" data-widget_type=\"image.default\">\n\t\t\t\t<div class=\"elementor-widget-container\">\n\t\t\t<style>\/*! elementor - v3.7.7 - 20-09-2022 *\/\n.elementor-widget-image{text-align:center}.elementor-widget-image a{display:inline-block}.elementor-widget-image a img[src$=\".svg\"]{width:48px}.elementor-widget-image img{vertical-align:middle;display:inline-block}<\/style>\t\t\t\t\t\t\t\t\t\t\t\t<img width=\"507\" height=\"213\" src=\"http:\/\/www.basariteknikkombi.com\/wp-content\/uploads\/2019\/05\/logo.jpg\" class=\"attachment-full size-full\" alt=\"\" loading=\"lazy\" \/>\t\t\t\t\t\t\t\t\t\t\t\t\t\t\t<\/div>\n\t\t\t\t<\/div>\n\t\t\t\t<div class=\"elementor-element elementor-element-5005fd94 elementor-view-stacked elementor-shape-circle elementor-widget elementor-widget-icon\" data-id=\"5005fd94\" data-element_type=\"widget\" data-widget_type=\"icon.default\">\n\t\t\t\t<div class=\"elementor-widget-container\">\n\t\t\t\t\t<div class=\"elementor-icon-wrapper\">\n\t\t\t<a class=\"elementor-icon\" href=\"tel:05365122438\">\n\t\t\t<i aria-hidden=\"true\" class=\"fi flaticon-phone-call\"><\/i>\t\t\t<\/a>\n\t\t<\/div>\n\t\t\t\t<\/div>\n\t\t\t\t<\/div>\n\t\t\t\t<div class=\"elementor-element elementor-element-2dedb3e9 elementor-widget elementor-widget-gva-icon-box-styles\" data-id=\"2dedb3e9\" data-element_type=\"widget\" data-widget_type=\"gva-icon-box-styles.default\">\n\t\t\t\t<div class=\"elementor-widget-container\">\n\t\t\t<div class=\"gva-element-gva-icon-box-styles gva-element\">\r\n   \r\n\r\n         <div class=\"widget gsc-icon-box-styles style-2\">\r\n         \r\n                     <h3 class=\"title\">\r\n                                 Bize Ula\u015f\u0131n                     \r\n            <\/h3>\r\n                  <div class=\"content-inner\">\r\n                           <div class=\"desc\">0536 512 24 38<\/div>\r\n                     <\/div>\r\n      <\/div> \r\n      \r\n\r\n\r\n<\/div>\t\t<\/div>\n\t\t\t\t<\/div>\n\t\t\t\t\t<\/div>\n\t\t<\/div>\n\t\t\t\t<div class=\"elementor-column elementor-col-66 elementor-top-column elementor-element elementor-element-59f472c3 top column-style-top\" data-id=\"59f472c3\" data-element_type=\"column\">\n\t\t\t<div class=\"elementor-widget-wrap elementor-element-populated\">\n\t\t\t\t\t\t\t\t<section class=\"elementor-section elementor-inner-section elementor-element elementor-element-4a779022 elementor-section-boxed elementor-section-height-default elementor-section-height-default\" data-id=\"4a779022\" data-element_type=\"section\">\n\t\t\t\t\t\t<div class=\"elementor-container elementor-column-gap-default\">\n\t\t\t\t\t<div class=\"elementor-column elementor-col-100 elementor-inner-column elementor-element elementor-element-6d8674fc top column-style-top\" data-id=\"6d8674fc\" data-element_type=\"column\">\n\t\t\t<div class=\"elementor-widget-wrap elementor-element-populated\">\n\t\t\t\t\t\t\t\t<div class=\"elementor-element elementor-element-7eeb13cf elementor-widget elementor-widget-image\" data-id=\"7eeb13cf\" data-element_type=\"widget\" data-widget_type=\"image.default\">\n\t\t\t\t<div class=\"elementor-widget-container\">\n\t\t\t\t\t\t\t\t\t\t\t\t\t\t\t<img width=\"719\" height=\"450\" src=\"http:\/\/www.basariteknikkombi.com\/wp-content\/uploads\/2022\/09\/izmir-kombi-tamircisi.png\" class=\"attachment-full size-full\" alt=\"\" loading=\"lazy\" srcset=\"http:\/\/www.basariteknikkombi.com\/wp-content\/uploads\/2022\/09\/izmir-kombi-tamircisi.png 719w, http:\/\/www.basariteknikkombi.com\/wp-content\/uploads\/2022\/09\/izmir-kombi-tamircisi-600x376.png 600w\" sizes=\"(max-width: 719px) 100vw, 719px\" \/>\t\t\t\t\t\t\t\t\t\t\t\t\t\t\t<\/div>\n\t\t\t\t<\/div>\n\t\t\t\t<div class=\"elementor-element elementor-element-1f4f6616 elementor-view-stacked elementor-shape-square elementor-widget__width-auto elementor-absolute elementor-widget elementor-widget-icon\" data-id=\"1f4f6616\" data-element_type=\"widget\" data-settings=\"{&quot;_position&quot;:&quot;absolute&quot;}\" data-widget_type=\"icon.default\">\n\t\t\t\t<div class=\"elementor-widget-container\">\n\t\t\t\t\t<div class=\"elementor-icon-wrapper\">\n\t\t\t<div class=\"elementor-icon elementor-animation-float\">\n\t\t\t<i aria-hidden=\"true\" class=\"fas fa-users-cog\"><\/i>\t\t\t<\/div>\n\t\t<\/div>\n\t\t\t\t<\/div>\n\t\t\t\t<\/div>\n\t\t\t\t\t<\/div>\n\t\t<\/div>\n\t\t\t\t\t\t\t<\/div>\n\t\t<\/section>\n\t\t\t\t<div class=\"elementor-element elementor-element-687aaa7c elementor-widget elementor-widget-heading\" data-id=\"687aaa7c\" data-element_type=\"widget\" data-widget_type=\"heading.default\">\n\t\t\t\t<div class=\"elementor-widget-container\">\n\t\t\t<style>\/*! elementor - v3.7.7 - 20-09-2022 *\/\n.elementor-heading-title{padding:0;margin:0;line-height:1}.elementor-widget-heading .elementor-heading-title[class*=elementor-size-]>a{color:inherit;font-size:inherit;line-height:inherit}.elementor-widget-heading .elementor-heading-title.elementor-size-small{font-size:15px}.elementor-widget-heading .elementor-heading-title.elementor-size-medium{font-size:19px}.elementor-widget-heading .elementor-heading-title.elementor-size-large{font-size:29px}.elementor-widget-heading .elementor-heading-title.elementor-size-xl{font-size:39px}.elementor-widget-heading .elementor-heading-title.elementor-size-xxl{font-size:59px}<\/style><h2 class=\"elementor-heading-title elementor-size-default\">Kombi Petek Temizli\u011fi ve Bak\u0131m\u0131<\/h2>\t\t<\/div>\n\t\t\t\t<\/div>\n\t\t\t\t<div class=\"elementor-element elementor-element-e618945 elementor-widget elementor-widget-text-editor\" data-id=\"e618945\" data-element_type=\"widget\" data-widget_type=\"text-editor.default\">\n\t\t\t\t<div class=\"elementor-widget-container\">\n\t\t\t<style>\/*! elementor - v3.7.7 - 20-09-2022 *\/\n.elementor-widget-text-editor.elementor-drop-cap-view-stacked .elementor-drop-cap{background-color:#818a91;color:#fff}.elementor-widget-text-editor.elementor-drop-cap-view-framed .elementor-drop-cap{color:#818a91;border:3px solid;background-color:transparent}.elementor-widget-text-editor:not(.elementor-drop-cap-view-default) .elementor-drop-cap{margin-top:8px}.elementor-widget-text-editor:not(.elementor-drop-cap-view-default) .elementor-drop-cap-letter{width:1em;height:1em}.elementor-widget-text-editor .elementor-drop-cap{float:left;text-align:center;line-height:1;font-size:50px}.elementor-widget-text-editor .elementor-drop-cap-letter{display:inline-block}<\/style>\t\t\t\t<p style=\"margin: 0cm 0cm 15pt; background-image: initial; background-position: initial; background-size: initial; background-repeat: initial; background-attachment: initial; background-origin: initial; background-clip: initial; vertical-align: baseline;\"><span style=\"font-size: 11.5pt;\">Kombinin \u0131s\u0131tma borular\u0131na ba\u011flad\u0131\u011f\u0131m\u0131z makineyle i\u00e7erideki kirli suyun d\u0131\u015far\u0131 \u00e7\u0131kar\u0131lmas\u0131 i\u015fleminin ard\u0131ndan, petekleri temiz suyla bir defa y\u0131kama i\u015flemi yap\u0131l\u0131r.\u00a0Kaliteli ustalar\u0131n elinden i\u015fe yarar ila\u00e7l\u0131 tesisat temizli\u011fi yapt\u0131rmak, daha faydal\u0131 bir hal almaktad\u0131r.\u00a0Makinenin deposuna, dairenin petek say\u0131s\u0131na g\u00f6re kimyasal ila\u00e7 at\u0131l\u0131r.\u00a0Bir metre radyat\u00f6r ortalama 8 litre su almaktad\u0131r. Yedi radyat\u00f6r bulunan bir dairenin tesisat\u0131nda, toplamda 60 \u2013 70 litre su bulunmaktad\u0131r.\u00a01 litre kimyasal ila\u00e7 70 litre suya eklenir. Dairenizde ne kadar kimyasal ila\u00e7 kullan\u0131laca\u011f\u0131n\u0131 yukar\u0131da yaz\u0131l\u0131 rakamlara g\u00f6re matematiksel olarak hesaplayabilirsiniz.<br \/>\u0130lac\u0131n fazla eklenmesi kombi ve tesisat\u0131n par\u00e7alar\u0131na zarar verebilir.\u00a0Bu y\u00fczden hesaplama yapt\u0131\u011f\u0131n\u0131z miktar\u0131n \u00fczerine \u00e7\u0131k\u0131lmamas\u0131 gerekmektedir.\u00a0Di\u011fer taraftan unutulmamal\u0131d\u0131r ki dubleks dairelerde 2 litreden az kimyasal kullanmamak gerekir.\u00a0\u0130\u015f\u00e7ilikten kar etmek i\u00e7in malzemeden ka\u00e7mak kombi peteklerinin tam olarak temizlenmemesine neden olarak \u0131s\u0131tma performans\u0131n\u0131 etkiler.\u00a0Makine \u00e7al\u0131\u015f\u0131r hale getirildikten sonra, kimyasal yakla\u015f\u0131k 30 dakika borular\u0131n i\u00e7erisinde \u00e7evrilir.\u00a0\u0130la\u00e7 peteklerin kanallar\u0131ndan ve radyat\u00f6r vanalar\u0131ndan ge\u00e7erken t\u0131kal\u0131 b\u00f6lgeleri a\u00e7ar.\u00a0Bu i\u015flemi yaparken b\u00fct\u00fcn peteklerin vanas\u0131 kapat\u0131l\u0131p, bir radyat\u00f6re uygulan\u0131rsa daha iyi sonu\u00e7lar al\u0131n\u0131r.\u00a0Bu i\u015flemden sonra temiz su ile durulama yap\u0131l\u0131r. Kimyasal ila\u00e7, sistemin i\u00e7inden tamamen \u00e7\u0131kar\u0131lmas\u0131 gereklidir.\u00a0\u0130\u00e7eride ila\u00e7 kal\u0131nt\u0131s\u0131 olursa, kombiye hava yapt\u0131r\u0131r.<br \/>Sonras\u0131nda makine tekrar su doldurulur i\u00e7ine n\u00f6trle\u015ftirme ilac\u0131 d\u00f6k\u00fclerek tesisat\u0131n i\u00e7inde kalan asidin \u00f6ld\u00fcr\u00fclmesi sa\u011flan\u0131r.\u00a0Ne kadar temiz suyla durulama yap\u0131l\u0131rsa yap\u0131ls\u0131n i\u00e7eride yine bir miktar asit kalacakt\u0131r.<br \/>N\u00f6trle\u015ftirici ilac\u0131n\u0131n uygulanmas\u0131, tesisat\u0131n i\u00e7ine at\u0131l\u0131p kombinin kendi pompas\u0131yla yava\u015f\u00e7a dola\u015ft\u0131rarak da yap\u0131labilir. Ama makine ile y\u0131kama yapmak daha sa\u011fl\u0131kl\u0131 bir i\u015flemdir.<\/span><\/p><p><b>Asitli \u0130la\u00e7la Petek Temizleme Yap\u0131l\u0131rken Dikkat Edilmesi Gereken Kurallar<\/b><\/p><p><b><br \/><\/b>1. Kullan\u0131lan petek temizleme kimyasal\u0131n\u0131n, sistemde bulunan peteklere zarar vermedi\u011finden emin olmak gerekir.<br \/>2. Is\u0131tma borular\u0131n\u0131n a\u015f\u0131r\u0131 derecede korozyona maruz kald\u0131\u011f\u0131 durumlarda asitli ila\u00e7 kullanmak do\u011fru de\u011fildir.<br \/>3. Petekler temizlendikten sonra, sistemin t\u00fcm\u00fcnden asidi yok etmek gerekir. \u0130\u00e7eride asit kald\u0131\u011f\u0131nda, kombinin bas\u0131nc\u0131n\u0131 y\u00fckseltir.<br \/>4. \u00c7ok kire\u00e7li sistemlerde normalde her y\u0131l petek temizli\u011fi uygulamas\u0131 yap\u0131lmal\u0131d\u0131r.<\/p><p>B\u00fct\u00fcn bu i\u015flemler s\u0131ras\u0131yla yap\u0131ld\u0131\u011f\u0131 kalorifer tesisatlar\u0131nda, peteklerin \u0131s\u0131 de\u011ferlerinde y\u00fckselmeyi g\u00f6rebilirsiniz.\u00a0Ayn\u0131 zamanda kombinin par\u00e7alar\u0131n\u0131 temizleyen kire\u00e7 temizleyici ila\u00e7lar, suyun ak\u0131\u015f h\u0131z\u0131n\u0131 art\u0131r\u0131r. B\u00f6ylece kombiye bak\u0131m yapt\u0131rman\u0131za gerek de kalmaz.<\/p><p>Bu tip bir temizlik i\u015flemi; tesisat, kombi, ve radyat\u00f6rlerin i\u00e7ini ilk al\u0131nd\u0131\u011f\u0131 g\u00fcne \u00e7evirir.<br \/>Kombiye zarar vermeden kimyasal ila\u00e7la petek y\u0131kama yap\u0131l\u0131rken, vanalar\u0131n kapat\u0131lmas\u0131 gerekir.\u00a0 Temiz bir tesisat kombinin pompas\u0131n\u0131 fazla yormaz.<\/p><p>\u00c7\u0131kan ar\u0131zlar\u0131 yok ederek, paran\u0131z\u0131 cebinizde b\u0131rak\u0131r.<\/p><p>Uzun s\u00fcre \u00e7al\u0131\u015fan kombilerin e\u015fanj\u00f6r\u00fcnde t\u0131kanma olmas\u0131n\u0131n sebebi; kire\u00e7 dolan deliklerin kapanmas\u0131d\u0131r.\u00a0Kire\u00e7 ve pas e\u015fanj\u00f6r\u00fcn, \u00fc\u00e7 yollu vanan\u0131n t\u0131kanmas\u0131na sebep olur. Bu par\u00e7alar\u0131n ar\u0131zalar\u0131, \u00e7ok pahal\u0131 maliyetlere neden olmaktad\u0131r.\u00a0Hele \u00fc\u00e7 yollu vana t\u0131kan\u0131rsa, mutlaka de\u011fi\u015ftirmeden \u00f6nce tesisat\u0131n\u0131z\u0131 temizletin ki tekrar t\u0131kanma yapmas\u0131n.\u00a0Zaten kombi servisleri de sizi bu konuda zaten uyaracakt\u0131r.\u00a0Tesisat\u0131n i\u00e7inden gelen pislikler kombiyi t\u0131kad\u0131\u011f\u0131nda, par\u00e7a de\u011fi\u015ftirmek yerine servis eleman\u0131ndan temizlemesini isteyin. Temizli\u011fi yap\u0131lan par\u00e7alar mekanik oldu\u011fu i\u00e7in yeni tak\u0131lacak par\u00e7a kadar iyi \u00e7al\u0131\u015f\u0131r.<br \/>E\u015fanj\u00f6r\u00fcn delinmesi durumunda ise maalesef yapacak bir \u015fey yok. Yenisi ile de\u011fi\u015ftirilmesi gerekmektedir.<\/p><p>Ba\u015far\u0131 Teknik Kombi Servisi \u00a0kimyasalla kombi petek temizli\u011fi yapan firma olarak ad\u0131n\u0131 kan\u0131tlam\u0131\u015ft\u0131r. Yapt\u0131\u011f\u0131m\u0131z ila\u00e7la petek temizli\u011fi garantilidir.\u00a0Tesisat\u0131n\u0131za uygulad\u0131\u011f\u0131m\u0131z petek temizlik kimyasal\u0131 kombi ve tesisat\u0131n\u0131za kesinlikle zarar vermeyecek bir \u015fekilde uygulanmaktad\u0131r.\u00a0Bu konu \u00fczerine uzmanla\u015fm\u0131\u015f ekibimiz kimyasal ila\u00e7la petekleri y\u0131kama i\u015fleminin ard\u0131ndan tesisat\u0131n i\u00e7ine n\u00f6trle\u015ftirici ila\u00e7 g\u00f6ndererek t\u00fcm kimyasal kal\u0131nt\u0131lar\u0131n\u0131 temizlemektedir.<\/p><p><b>Kimyasal \u0130la\u00e7la Petek Temizli\u011fi Ne \u0130\u015fe Yarar?<\/b><\/p><p>Petek temizleme kimyasal\u0131 kombilerde \u0131s\u0131tma problemleri ya\u015fanmaya ba\u015flad\u0131\u011f\u0131nda y\u0131kama ama\u00e7l\u0131 olarak kullan\u0131l\u0131r.<br \/>E\u011fer petekleriniz eski performanslar\u0131n\u0131 kaybettiyse, altlar\u0131 \u0131s\u0131nm\u0131yorsa tesisat\u0131n i\u00e7inde ya\u015fanan kire\u00e7lenme ya da pislik tortular\u0131 \u0131s\u0131tmay\u0131 engelliyor demektir. Kimyasal ila\u00e7la petek temizli\u011fi yap\u0131ld\u0131\u011f\u0131nda kombiniz de temizlenir.<br \/>B\u00f6ylece e\u015fanj\u00f6r ve \u00fc\u00e7l\u00fc vana gibi \u00f6nemli kombi yedek par\u00e7alar\u0131n\u0131n da \u00f6mr\u00fc uzam\u0131\u015f olur.<\/p>\t\t\t\t\t\t<\/div>\n\t\t\t\t<\/div>\n\t\t\t\t\t<\/div>\n\t\t<\/div>\n\t\t\t\t\t\t\t<\/div>\n\t\t<\/section>\n\t\t\t\t\t\t\t<\/div>\n\t\t","protected":false},"excerpt":{"rendered":"<p>Bize Ula\u015f\u0131n 0536 512 24 38 Kombi Petek Temizli\u011fi ve Bak\u0131m\u0131 Kombinin \u0131s\u0131tma borular\u0131na ba\u011flad\u0131\u011f\u0131m\u0131z makineyle i\u00e7erideki kirli suyun d\u0131\u015far\u0131 \u00e7\u0131kar\u0131lmas\u0131 i\u015fleminin ard\u0131ndan, petekleri temiz suyla bir defa y\u0131kama i\u015flemi [&hellip;]<\/p>\n","protected":false},"author":1,"featured_media":0,"parent":3124,"menu_order":0,"comment_status":"closed","ping_status":"closed","template":"","meta":{"_themeisle_gutenberg_block_has_review":false},"_links":{"self":[{"href":"http:\/\/www.basariteknikkombi.com\/index.php\/wp-json\/wp\/v2\/pages\/11862"}],"collection":[{"href":"http:\/\/www.basariteknikkombi.com\/index.php\/wp-json\/wp\/v2\/pages"}],"about":[{"href":"http:\/\/www.basariteknikkombi.com\/index.php\/wp-json\/wp\/v2\/types\/page"}],"author":[{"embeddable":true,"href":"http:\/\/www.basariteknikkombi.com\/index.php\/wp-json\/wp\/v2\/users\/1"}],"replies":[{"embeddable":true,"href":"http:\/\/www.basariteknikkombi.com\/index.php\/wp-json\/wp\/v2\/comments?post=11862"}],"version-history":[{"count":10,"href":"http:\/\/www.basariteknikkombi.com\/index.php\/wp-json\/wp\/v2\/pages\/11862\/revisions"}],"predecessor-version":[{"id":13089,"href":"http:\/\/www.basariteknikkombi.com\/index.php\/wp-json\/wp\/v2\/pages\/11862\/revisions\/13089"}],"up":[{"embeddable":true,"href":"http:\/\/www.basariteknikkombi.com\/index.php\/wp-json\/wp\/v2\/pages\/3124"}],"wp:attachment":[{"href":"http:\/\/www.basariteknikkombi.com\/index.php\/wp-json\/wp\/v2\/media?parent=11862"}],"curies":[{"name":"wp","href":"https:\/\/api.w.org\/{rel}","templated":true}]}}